{"id":4941,"date":"2023-08-04T08:54:56","date_gmt":"2023-08-04T06:54:56","guid":{"rendered":"https:\/\/buechl-gruppe.elephant-staging.de\/home-page\/"},"modified":"2024-06-20T09:47:16","modified_gmt":"2024-06-20T07:47:16","slug":"home-page","status":"publish","type":"page","link":"https:\/\/buechl-gruppe.elephant-staging.de\/en\/","title":{"rendered":"Home page"},"content":{"rendered":"<h1>Solutions for a sustainable circular economy<\/h1>\n<h2>Welcome to the website of the B\u00dcCHL Group. Here you can find out all about our business areas, subsidiaries and focus areas.<\/h2>\n<p>\t\t\t<a role=\"button\"><br \/>\n\t\t\t\t\t\t\t\t\tContact us now<br \/>\n\t\t\t\t\t<\/a><br \/>\n\t\t\t<a href=\"https:\/\/buechl-gruppe.elephant-staging.de\/en\/career\/\"><br \/>\n\t\t\t\t\t\t\t\t\tVacancies<br \/>\n\t\t\t\t\t<\/a><\/p>\n<h2>Companies in our group<\/h2>\n<figure><img decoding=\"async\" src=\"https:\/\/buechl-gruppe.elephant-staging.de\/wp-content\/uploads\/2023\/09\/Buechl-Logo-entsorgung-rgb.png\" alt=\"Bu\u0308chl Logo entsorgung rgb\" \/><\/figure>\n<figure><img decoding=\"async\" src=\"https:\/\/buechl-gruppe.elephant-staging.de\/wp-content\/uploads\/2023\/09\/Buechl-Logo-foundation-rgb.png\" alt=\"Bu\u0308chl Logo foundation rgb\" \/><\/figure>\n<figure><img decoding=\"async\" src=\"https:\/\/buechl-gruppe.elephant-staging.de\/wp-content\/uploads\/2023\/09\/Buechl-Logo-hungaria-rgb.png\" alt=\"Bu\u0308chl Logo hungaria rgb\" \/><\/figure>\n<figure><img decoding=\"async\" src=\"https:\/\/buechl-gruppe.elephant-staging.de\/wp-content\/uploads\/2023\/09\/Buechl-Logo-verwaltung-rgb.png\" alt=\"Bu\u0308chl Logo verwaltung rgb\" \/><\/figure>\n<figure><img decoding=\"async\" src=\"https:\/\/buechl-gruppe.elephant-staging.de\/wp-content\/uploads\/2023\/09\/PRIOREC-Logo-mit-claim-und-_R_-01.02.22-RGB.png\" alt=\"PRIOREC-Logo mit claim und _R_-01.02.22-RGB\" \/><\/figure>\n<figure><img decoding=\"async\" src=\"https:\/\/buechl-gruppe.elephant-staging.de\/wp-content\/uploads\/2023\/09\/inas-Institut-Logo-RGB.png\" alt=\"inas Institut Logo-RGB\" \/><\/figure>\n<figure><img decoding=\"async\" src=\"https:\/\/buechl-gruppe.elephant-staging.de\/wp-content\/uploads\/2023\/09\/DBR_logo-2017.png\" alt=\"DBR_logo 2017\" \/><\/figure>\n<figure><img decoding=\"async\" src=\"https:\/\/buechl-gruppe.elephant-staging.de\/wp-content\/uploads\/2023\/09\/GRN-Logo-RGB-23-03-2018.png\" alt=\"GRN Logo RGB-23-03-2018\" \/><\/figure>\n<figure><img decoding=\"async\" src=\"https:\/\/buechl-gruppe.elephant-staging.de\/wp-content\/uploads\/2023\/09\/logo-bioin-RGB-03.2018.png\" alt=\"logo bioin - RGB-03.2018\" \/><\/figure>\n<figure><img decoding=\"async\" src=\"https:\/\/buechl-gruppe.elephant-staging.de\/wp-content\/uploads\/2023\/09\/Logo-Geos-07-07-2021-mit-R-rgb.png\" alt=\"Logo Geos 07-07-2021-mit (R)-rgb\" \/><\/figure>\n<figure><img decoding=\"async\" src=\"https:\/\/buechl-gruppe.elephant-staging.de\/wp-content\/uploads\/2023\/09\/Logo-TADAK-NETT-Kft.-kopiert-aus-Word.jpg\" alt=\"Logo TADAK-NETT Kft. kopiert aus Word\" \/><\/figure>\n<figure><img decoding=\"async\" src=\"https:\/\/buechl-gruppe.elephant-staging.de\/wp-content\/uploads\/2023\/09\/Logo_LOGEX_RGB.png\" alt=\"Logo_LOGEX_RGB\" \/><\/figure>\n<figure><img decoding=\"async\" src=\"https:\/\/buechl-gruppe.elephant-staging.de\/wp-content\/uploads\/2023\/09\/SEG-Logo-final-07.07.23-4P.png\" alt=\"SEG Logo final 07.07.23-4P\" \/><\/figure>\n<figure><img decoding=\"async\" src=\"https:\/\/buechl-gruppe.elephant-staging.de\/wp-content\/uploads\/2023\/09\/elogplan.jpg\" alt=\"elogplan\" \/><\/figure>\n<h3>The B\u00fcchl Group<\/h3>\n<h2>One idea ahead since 1951<\/h2>\n<p><strong>The B\u00dcCHL Group stands for reliable quality, innovative solutions, courageous action and responsibility for people and the environment.<\/strong><\/p>\n<p>In the business areas of recycling and waste disposal, research, planning and consulting as well as the generation of renewable energies, we work on our mission every day: solutions for a sustainable circular economy. From the initial idea through to implementation, we find the best possible solution for our customers and for the environment. Over the decades, the third-generation family business has developed into a know-how leader and innovation driver in the circular economy. The company motto <strong>&#8220;one idea ahead&#8221;<\/strong> characterizes the corporate culture.<\/p>\n<h2>Sustainable circular economy<\/h2>\n<h2>Business fields of the B\u00fcchl Group<\/h2>\n<p>\t\t\t<a href=\"#\"><br \/>\n\t\t\t\t\t<\/a><br \/>\n\t\t\t<a href=\"#\"><br \/>\n\t\t\t\t\t<\/a><br \/>\n\t\t\t<a href=\"#\"><br \/>\n\t\t\t\t\t<\/a><br \/>\n\t\t\t<a href=\"#\"><br \/>\n\t\t\t\t\t<\/a><br \/>\n\t\t\t<a href=\"#\"><br \/>\n\t\t\t\t\t<\/a><br \/>\n\t\t\t<a href=\"#\"><br \/>\n\t\t\t\t\t<\/a><br \/>\n\t\t\t<a href=\"#\"><br \/>\n\t\t\t\t\t<\/a><br \/>\n\t\t\t<a href=\"#\"><br \/>\n\t\t\t\t\t<\/a><br \/>\n\t\t\t<a href=\"#\"><br \/>\n\t\t\t\t\t<\/a><\/p>\n<h2>B\u00dcCHL Future topics<\/h2>\n<h2>We are working on these topics<\/h2>\n<p>\t\t\t\t\t\t\t\t\t\t\t\t\t<img decoding=\"async\" width=\"257\" height=\"75\" src=\"https:\/\/buechl-gruppe.elephant-staging.de\/wp-content\/uploads\/2023\/08\/Buechl.png\" alt=\"\" \/><br \/>\n\t\t\tInnovativer Partner<br \/>\n\t\t\tB\u00dcCHL ist nicht nur Auftragnehmer oder einfach nur Sponsor. Wir sind ein strategischer, innovativer Partner, der f\u00fcr seine Kunden mitdenkt und an Projekten inhaltlich mitwirkt.<br \/>\n\t\t\t\t\t\t\t\t\t\t\t\t\t<img decoding=\"async\" width=\"257\" height=\"75\" src=\"https:\/\/buechl-gruppe.elephant-staging.de\/wp-content\/uploads\/2023\/08\/Buechl.png\" alt=\"\" \/><br \/>\n\t\t\tModerner Arbeitgeber<br \/>\n\t\t\tB\u00dcCHL ist ein moderner und zuverl\u00e4ssiger Arbeitgeber. Wir k\u00fcmmern uns um unsere Mitarbeiter und bieten attraktive und sichere Arbeitspl\u00e4tze.<br \/>\n\t\t\t\t\t\t\t\t\t\t\t\t\t<img decoding=\"async\" width=\"257\" height=\"75\" src=\"https:\/\/buechl-gruppe.elephant-staging.de\/wp-content\/uploads\/2023\/08\/Buechl.png\" alt=\"\" \/><br \/>\n\t\t\tKlimaschutz<br \/>\n\t\t\tKreislaufwirtschaft muss Klimaschutz bedeuten. Wir bewerten unsere positiven und negativen Wirkungen auf das Klima und investieren in Klimaschutz.<br \/>\n\t\t\t\t\t\t\t\t\t\t\t\t\t<img decoding=\"async\" width=\"257\" height=\"75\" src=\"https:\/\/buechl-gruppe.elephant-staging.de\/wp-content\/uploads\/2023\/08\/Buechl.png\" alt=\"\" \/><br \/>\n\t\t\tDigitalisierung<br \/>\n\t\t\tWir nutzen die M\u00f6glichkeiten der Digitalisierung zur stetigen Optimierung unserer Prozesse und Verbesserung von Transparenz, Sicherheit und Nachhaltigkeit.<br \/>\n\t\t\t\t\t\t\t\t\t\t\t\t\t<img decoding=\"async\" width=\"257\" height=\"75\" src=\"https:\/\/buechl-gruppe.elephant-staging.de\/wp-content\/uploads\/2023\/08\/Buechl.png\" alt=\"\" \/><br \/>\n\t\t\tRessourcen und Stoffkreisl\u00e4ufe<br \/>\n\t\t\tAbf\u00e4lle sind wertvolle Ressourcen am falschen Platz. Unser Kerngesch\u00e4ft: Stoffkreisl\u00e4ufe schlie\u00dfen, Rohstoffe sichern.<br \/>\n\t\t\t\t\t\t\t\t\t\t\t\t\t<img decoding=\"async\" width=\"257\" height=\"75\" src=\"https:\/\/buechl-gruppe.elephant-staging.de\/wp-content\/uploads\/2023\/08\/Buechl.png\" alt=\"\" \/><br \/>\n\t\t\tSmarte Logistik<br \/>\n\t\t\tLogistik ist eine unserer Kernaufgaben. Eine effiziente, sichere und transparente Logistik bereitzustellen ist ein Auftrag an uns.\t\t<\/p>\n<h2>We are happy to answer all your questions and concerns.<\/h2>\n<p>Simply contact us via our online contact form or by phone.<\/p>\n<p>\t\t\t<a href=\"#\"><br \/>\n\t\t\t\t\t\t\t\t\tContact us now<br \/>\n\t\t\t\t\t<\/a><br \/>\n\t\t\t<a href=\"https:\/\/buechl-gruppe.elephant-staging.de\/en\/career\/\"><br \/>\n\t\t\t\t\t\t\t\t\tVacancies<br \/>\n\t\t\t\t\t<\/a><\/p>\n<h3>Reviews<\/h3>\n<h2>Why B\u00dcCHL?<\/h2>\n<p>What our employees and partners say about our company and past projects.<\/p>\n<h3>Subheading Lorem<\/h3>\n<h2>We let our customers speak<\/h2>\n<p>Lorem ipsum dolor sit amet, consetetur sadipscing elitr, sed diam nonumy eirmod tempor invidunt ut labore et dolore magna aliquyam erat, sed diam voluptua.<\/p>\n<p>\t\t\tLocations<br \/>\n\t\t\t10 places<br \/>\n\t\t\tEmployees<br \/>\n\t\t\tMore than 500<br \/>\n\t\t\tExperience<br \/>\n\t\t\tOver 70 years\t\t<\/p>\n<h2>&#8220;B\u00dcCHL embodies the courage to constantly break new ground and is always at the cutting edge of current trends and developments. The basis for this is always<br \/>\nour sense of responsibility for people and the environment.&#8221;<\/h2>\n<p>Reinhard B\u00fcchl<\/p>\n<p>Managing Partner<\/p>\n<h3>Developments, news and much more<\/h3>\n<h2>News about B\u00fcchl<\/h2>\n<p>\t\t\t<a href=\"https:\/\/buechl-gruppe.elephant-staging.de\/en\/career\/\"><br \/>\n\t\t\t\t\t\t\t\t\tView all news<br \/>\n\t\t\t\t\t<\/a><br \/>\n\t\t\tEin Mittelst\u00e4ndler wird immer nachhaltiger<br \/>\n\t\t\t<a role=\"button\"><br \/>\n\t\t\t\t\t\t\t\t\tMehr erfahren<br \/>\n\t\t\t\t\t<\/a><br \/>\n\t\t\tB\u00dcCHL Firmengruppe schlie\u00dft sich dem Ingolst\u00e4dter &#8230;<br \/>\n\t\t\t<a role=\"button\"><br \/>\n\t\t\t\t\t\t\t\t\tMehr erfahren<br \/>\n\t\t\t\t\t<\/a><br \/>\n\t\t\tIHK-Regionalausschuss Ingolstadt zu Gast bei B\u00dcCHL&#8230;<br \/>\n\t\t\t<a role=\"button\"><br \/>\n\t\t\t\t\t\t\t\t\tMehr erfahren<br \/>\n\t\t\t\t\t<\/a><br \/>\n\t\t\t\u201eEisgala powered by B\u00dcCHL\u201c: B\u00dcCHL Firmengruppe ist&#8230;<br \/>\n\t\t\t<a role=\"button\"><br \/>\n\t\t\t\t\t\t\t\t\tMehr erfahren<br \/>\n\t\t\t\t\t<\/a><\/p>\n<h2>Start your career at B\u00dcCHL now.<\/h2>\n<p>Are you looking for an exciting apprenticeship or a senior position? We offer the right solution for both. Take a look at our current vacancies and apply for one of our many positions today. We look forward to seeing you!<\/p>\n<p>\t\t\t<a href=\"#\"><br \/>\n\t\t\t\t\t\t\t\t\tContact us now<br \/>\n\t\t\t\t\t<\/a><br \/>\n\t\t\t<a href=\"https:\/\/buechl-gruppe.elephant-staging.de\/en\/career\/\"><br \/>\n\t\t\t\t\t\t\t\t\tVacancies<br \/>\n\t\t\t\t\t<\/a><\/p>\n","protected":false},"excerpt":{"rendered":"<p>Solutions for a sustainable circular economy Welcome to the website of the B\u00dcCHL Group. Here you can find out all about our business areas, subsidiaries and focus areas. Contact us now Vacancies Companies in our group The B\u00fcchl Group One idea ahead since 1951 The B\u00dcCHL Group stands for reliable quality, innovative solutions, courageous action [&hellip;]<\/p>\n","protected":false},"author":1,"featured_media":4768,"parent":0,"menu_order":0,"comment_status":"closed","ping_status":"closed","template":"elementor_header_footer","meta":{"footnotes":""},"class_list":["post-4941","page","type-page","status-publish","has-post-thumbnail","hentry"],"yoast_head":"<!-- This site is optimized with the Yoast SEO plugin v23.6 - https:\/\/yoast.com\/wordpress\/plugins\/seo\/ -->\n<title>B\u00fcchl Group homepage<\/title>\n<meta name=\"description\" content=\"Welcome to the website of the B\u00dcCHL Group. Here you can find out all about our business areas, subsidiaries and focus areas.\" \/>\n<meta name=\"robots\" content=\"noindex, follow, max-snippet:-1, max-image-preview:large, max-video-preview:-1\" \/>\n<meta property=\"og:locale\" content=\"en_US\" \/>\n<meta property=\"og:type\" content=\"article\" \/>\n<meta property=\"og:title\" content=\"B\u00fcchl Group homepage\" \/>\n<meta property=\"og:description\" content=\"Welcome to the website of the B\u00dcCHL Group. Here you can find out all about our business areas, subsidiaries and focus areas.\" \/>\n<meta property=\"og:url\" content=\"https:\/\/buechl-gruppe.elephant-staging.de\/en\/home-page\/\" \/>\n<meta property=\"og:site_name\" content=\"B\u00fcchl Firmengruppe\" \/>\n<meta property=\"article:modified_time\" content=\"2024-06-20T07:47:16+00:00\" \/>\n<meta property=\"og:image\" content=\"https:\/\/buechl-gruppe.elephant-staging.de\/wp-content\/uploads\/2023\/08\/Favicon-512x512-final.png\" \/>\n\t<meta property=\"og:image:width\" content=\"512\" \/>\n\t<meta property=\"og:image:height\" content=\"512\" \/>\n\t<meta property=\"og:image:type\" content=\"image\/png\" \/>\n<meta name=\"twitter:card\" content=\"summary_large_image\" \/>\n<meta name=\"twitter:label1\" content=\"Est. reading time\" \/>\n\t<meta name=\"twitter:data1\" content=\"3 minutes\" \/>\n<script type=\"application\/ld+json\" class=\"yoast-schema-graph\">{\"@context\":\"https:\/\/schema.org\",\"@graph\":[{\"@type\":\"WebPage\",\"@id\":\"https:\/\/buechl-gruppe.elephant-staging.de\/en\/home-page\/\",\"url\":\"https:\/\/buechl-gruppe.elephant-staging.de\/en\/home-page\/\",\"name\":\"B\u00fcchl Group homepage\",\"isPartOf\":{\"@id\":\"https:\/\/buechl-gruppe.elephant-staging.de\/#website\"},\"primaryImageOfPage\":{\"@id\":\"https:\/\/buechl-gruppe.elephant-staging.de\/en\/home-page\/#primaryimage\"},\"image\":{\"@id\":\"https:\/\/buechl-gruppe.elephant-staging.de\/en\/home-page\/#primaryimage\"},\"thumbnailUrl\":\"https:\/\/buechl-gruppe.elephant-staging.de\/wp-content\/uploads\/2023\/08\/Favicon-512x512-final.png\",\"datePublished\":\"2023-08-04T06:54:56+00:00\",\"dateModified\":\"2024-06-20T07:47:16+00:00\",\"description\":\"Welcome to the website of the B\u00dcCHL Group. Here you can find out all about our business areas, subsidiaries and focus areas.\",\"breadcrumb\":{\"@id\":\"https:\/\/buechl-gruppe.elephant-staging.de\/en\/home-page\/#breadcrumb\"},\"inLanguage\":\"en-US\",\"potentialAction\":[{\"@type\":\"ReadAction\",\"target\":[\"https:\/\/buechl-gruppe.elephant-staging.de\/en\/home-page\/\"]}]},{\"@type\":\"ImageObject\",\"inLanguage\":\"en-US\",\"@id\":\"https:\/\/buechl-gruppe.elephant-staging.de\/en\/home-page\/#primaryimage\",\"url\":\"https:\/\/buechl-gruppe.elephant-staging.de\/wp-content\/uploads\/2023\/08\/Favicon-512x512-final.png\",\"contentUrl\":\"https:\/\/buechl-gruppe.elephant-staging.de\/wp-content\/uploads\/2023\/08\/Favicon-512x512-final.png\",\"width\":512,\"height\":512},{\"@type\":\"BreadcrumbList\",\"@id\":\"https:\/\/buechl-gruppe.elephant-staging.de\/en\/home-page\/#breadcrumb\",\"itemListElement\":[{\"@type\":\"ListItem\",\"position\":1,\"name\":\"Startseite\",\"item\":\"https:\/\/buechl-gruppe.elephant-staging.de\/en\/home-page\/\"},{\"@type\":\"ListItem\",\"position\":2,\"name\":\"Home page\"}]},{\"@type\":\"WebSite\",\"@id\":\"https:\/\/buechl-gruppe.elephant-staging.de\/#website\",\"url\":\"https:\/\/buechl-gruppe.elephant-staging.de\/\",\"name\":\"B\u00fcchl Firmengruppe\",\"description\":\"\",\"publisher\":{\"@id\":\"https:\/\/buechl-gruppe.elephant-staging.de\/#organization\"},\"potentialAction\":[{\"@type\":\"SearchAction\",\"target\":{\"@type\":\"EntryPoint\",\"urlTemplate\":\"https:\/\/buechl-gruppe.elephant-staging.de\/?s={search_term_string}\"},\"query-input\":{\"@type\":\"PropertyValueSpecification\",\"valueRequired\":true,\"valueName\":\"search_term_string\"}}],\"inLanguage\":\"en-US\"},{\"@type\":\"Organization\",\"@id\":\"https:\/\/buechl-gruppe.elephant-staging.de\/#organization\",\"name\":\"B\u00fcchl Firmengruppe\",\"url\":\"https:\/\/buechl-gruppe.elephant-staging.de\/\",\"logo\":{\"@type\":\"ImageObject\",\"inLanguage\":\"en-US\",\"@id\":\"https:\/\/buechl-gruppe.elephant-staging.de\/#\/schema\/logo\/image\/\",\"url\":\"https:\/\/buechl-gruppe.elephant-staging.de\/wp-content\/uploads\/2023\/10\/Buechl-Logo-final.png\",\"contentUrl\":\"https:\/\/buechl-gruppe.elephant-staging.de\/wp-content\/uploads\/2023\/10\/Buechl-Logo-final.png\",\"width\":1024,\"height\":361,\"caption\":\"B\u00fcchl Firmengruppe\"},\"image\":{\"@id\":\"https:\/\/buechl-gruppe.elephant-staging.de\/#\/schema\/logo\/image\/\"}}]}<\/script>\n<!-- \/ Yoast SEO plugin. -->","yoast_head_json":{"title":"B\u00fcchl Group homepage","description":"Welcome to the website of the B\u00dcCHL Group. Here you can find out all about our business areas, subsidiaries and focus areas.","robots":{"index":"noindex","follow":"follow","max-snippet":"max-snippet:-1","max-image-preview":"max-image-preview:large","max-video-preview":"max-video-preview:-1"},"og_locale":"en_US","og_type":"article","og_title":"B\u00fcchl Group homepage","og_description":"Welcome to the website of the B\u00dcCHL Group. Here you can find out all about our business areas, subsidiaries and focus areas.","og_url":"https:\/\/buechl-gruppe.elephant-staging.de\/en\/home-page\/","og_site_name":"B\u00fcchl Firmengruppe","article_modified_time":"2024-06-20T07:47:16+00:00","og_image":[{"width":512,"height":512,"url":"https:\/\/buechl-gruppe.elephant-staging.de\/wp-content\/uploads\/2023\/08\/Favicon-512x512-final.png","type":"image\/png"}],"twitter_card":"summary_large_image","twitter_misc":{"Est. reading time":"3 minutes"},"schema":{"@context":"https:\/\/schema.org","@graph":[{"@type":"WebPage","@id":"https:\/\/buechl-gruppe.elephant-staging.de\/en\/home-page\/","url":"https:\/\/buechl-gruppe.elephant-staging.de\/en\/home-page\/","name":"B\u00fcchl Group homepage","isPartOf":{"@id":"https:\/\/buechl-gruppe.elephant-staging.de\/#website"},"primaryImageOfPage":{"@id":"https:\/\/buechl-gruppe.elephant-staging.de\/en\/home-page\/#primaryimage"},"image":{"@id":"https:\/\/buechl-gruppe.elephant-staging.de\/en\/home-page\/#primaryimage"},"thumbnailUrl":"https:\/\/buechl-gruppe.elephant-staging.de\/wp-content\/uploads\/2023\/08\/Favicon-512x512-final.png","datePublished":"2023-08-04T06:54:56+00:00","dateModified":"2024-06-20T07:47:16+00:00","description":"Welcome to the website of the B\u00dcCHL Group. Here you can find out all about our business areas, subsidiaries and focus areas.","breadcrumb":{"@id":"https:\/\/buechl-gruppe.elephant-staging.de\/en\/home-page\/#breadcrumb"},"inLanguage":"en-US","potentialAction":[{"@type":"ReadAction","target":["https:\/\/buechl-gruppe.elephant-staging.de\/en\/home-page\/"]}]},{"@type":"ImageObject","inLanguage":"en-US","@id":"https:\/\/buechl-gruppe.elephant-staging.de\/en\/home-page\/#primaryimage","url":"https:\/\/buechl-gruppe.elephant-staging.de\/wp-content\/uploads\/2023\/08\/Favicon-512x512-final.png","contentUrl":"https:\/\/buechl-gruppe.elephant-staging.de\/wp-content\/uploads\/2023\/08\/Favicon-512x512-final.png","width":512,"height":512},{"@type":"BreadcrumbList","@id":"https:\/\/buechl-gruppe.elephant-staging.de\/en\/home-page\/#breadcrumb","itemListElement":[{"@type":"ListItem","position":1,"name":"Startseite","item":"https:\/\/buechl-gruppe.elephant-staging.de\/en\/home-page\/"},{"@type":"ListItem","position":2,"name":"Home page"}]},{"@type":"WebSite","@id":"https:\/\/buechl-gruppe.elephant-staging.de\/#website","url":"https:\/\/buechl-gruppe.elephant-staging.de\/","name":"B\u00fcchl Firmengruppe","description":"","publisher":{"@id":"https:\/\/buechl-gruppe.elephant-staging.de\/#organization"},"potentialAction":[{"@type":"SearchAction","target":{"@type":"EntryPoint","urlTemplate":"https:\/\/buechl-gruppe.elephant-staging.de\/?s={search_term_string}"},"query-input":{"@type":"PropertyValueSpecification","valueRequired":true,"valueName":"search_term_string"}}],"inLanguage":"en-US"},{"@type":"Organization","@id":"https:\/\/buechl-gruppe.elephant-staging.de\/#organization","name":"B\u00fcchl Firmengruppe","url":"https:\/\/buechl-gruppe.elephant-staging.de\/","logo":{"@type":"ImageObject","inLanguage":"en-US","@id":"https:\/\/buechl-gruppe.elephant-staging.de\/#\/schema\/logo\/image\/","url":"https:\/\/buechl-gruppe.elephant-staging.de\/wp-content\/uploads\/2023\/10\/Buechl-Logo-final.png","contentUrl":"https:\/\/buechl-gruppe.elephant-staging.de\/wp-content\/uploads\/2023\/10\/Buechl-Logo-final.png","width":1024,"height":361,"caption":"B\u00fcchl Firmengruppe"},"image":{"@id":"https:\/\/buechl-gruppe.elephant-staging.de\/#\/schema\/logo\/image\/"}}]}},"_links":{"self":[{"href":"https:\/\/buechl-gruppe.elephant-staging.de\/en\/wp-json\/wp\/v2\/pages\/4941","targetHints":{"allow":["GET"]}}],"collection":[{"href":"https:\/\/buechl-gruppe.elephant-staging.de\/en\/wp-json\/wp\/v2\/pages"}],"about":[{"href":"https:\/\/buechl-gruppe.elephant-staging.de\/en\/wp-json\/wp\/v2\/types\/page"}],"author":[{"embeddable":true,"href":"https:\/\/buechl-gruppe.elephant-staging.de\/en\/wp-json\/wp\/v2\/users\/1"}],"replies":[{"embeddable":true,"href":"https:\/\/buechl-gruppe.elephant-staging.de\/en\/wp-json\/wp\/v2\/comments?post=4941"}],"version-history":[{"count":3,"href":"https:\/\/buechl-gruppe.elephant-staging.de\/en\/wp-json\/wp\/v2\/pages\/4941\/revisions"}],"predecessor-version":[{"id":5812,"href":"https:\/\/buechl-gruppe.elephant-staging.de\/en\/wp-json\/wp\/v2\/pages\/4941\/revisions\/5812"}],"wp:featuredmedia":[{"embeddable":true,"href":"https:\/\/buechl-gruppe.elephant-staging.de\/en\/wp-json\/wp\/v2\/media\/4768"}],"wp:attachment":[{"href":"https:\/\/buechl-gruppe.elephant-staging.de\/en\/wp-json\/wp\/v2\/media?parent=4941"}],"curies":[{"name":"wp","href":"https:\/\/api.w.org\/{rel}","templated":true}]}}