{"id":5752,"date":"2023-10-12T15:58:54","date_gmt":"2023-10-12T13:58:54","guid":{"rendered":"https:\/\/buechl-gruppe.elephant-staging.de\/impresszum\/"},"modified":"2024-06-20T09:45:08","modified_gmt":"2024-06-20T07:45:08","slug":"impresszum","status":"publish","type":"page","link":"https:\/\/buechl-gruppe.elephant-staging.de\/hu\/impresszum\/","title":{"rendered":"Impresszum"},"content":{"rendered":"\t\t<div data-elementor-type=\"wp-page\" data-elementor-id=\"5752\" class=\"elementor elementor-5752 elementor-2349\" data-elementor-post-type=\"page\">\n\t\t\t\t<div class=\"elementor-element elementor-element-ed4c9e1 e-flex e-con-boxed e-con e-parent\" data-id=\"ed4c9e1\" data-element_type=\"container\" data-settings=\"{&quot;jet_parallax_layout_list&quot;:[]}\">\n\t\t\t\t\t<div class=\"e-con-inner\">\n\t\t\t\t<div class=\"elementor-element elementor-element-9a42c34 elephant-corner left elementor-widget elementor-widget-html\" data-id=\"9a42c34\" data-element_type=\"widget\" data-widget_type=\"html.default\">\n\t\t\t\t<div class=\"elementor-widget-container\">\n\t\t\t<h1>Impresszum<\/h1>\n\n<p>B\u00dcCHL Verwaltungs GmbH<br>\nRobert-Bosch-Strasse 1-5<br>\n85053 Ingolstadt<\/p>\n\n<p>Kereskedelmi nyilv\u00e1ntart\u00e1s: HRB 308<br>\nNyilv\u00e1ntart\u00f3 b\u00edr\u00f3s\u00e1g: Ingolstadti helyi b\u00edr\u00f3s\u00e1g<\/p>\n\n<p><strong>K\u00e9pviseli:<\/strong><br>\nDipl.-Kffr. Iris B\u00fcchl<br>\nKatja Kraus-Stelzer (B.A.)<br>\nDipl.-Wirtsch.-Ing. Reinhard B\u00fcchl<\/p>\n\n<h2>Kapcsolatfelv\u00e9tel<\/h2>\n<p>Telefon: +498419646150<br>\nE-mail: info@buechl.de<\/p>\n\n<h2>Forgalmiad\u00f3-azonos\u00edt\u00f3<\/h2>\n<p>Az \u00e1ltal\u00e1nos forgalmi ad\u00f3r\u00f3l sz\u00f3l\u00f3 t\u00f6rv\u00e9ny 27. \u00a7-a szerinti forgalmi ad\u00f3azonos\u00edt\u00f3 sz\u00e1m:<br>\nDE128579165<\/p>\n\n<h2>Szerkeszt\u0151i felel\u0151ss\u00e9g<\/h2>\n<p>B\u00dcCHL Verwaltungs GmbH<br>\nRobert-Bosch-Strasse 1-5<br>\n85053 Ingolstadt<\/p>\n\n<h2>Fogyaszt\u00f3i jogvit\u00e1k rendez\u00e9se\/egyetemes v\u00e1lasztottb\u00edr\u00f3s\u00e1gi k\u00f6zpont<\/h2>\n<p>Nem vagyunk hajland\u00f3ak vagy k\u00f6telesek r\u00e9szt venni a fogyaszt\u00f3i d\u00f6nt\u0151bizotts\u00e1g el\u0151tti vitarendez\u00e9si elj\u00e1r\u00e1sban.<\/p>\t\t<\/div>\n\t\t\t\t<\/div>\n\t\t\t\t\t<\/div>\n\t\t\t\t<\/div>\n\t\t\t\t<\/div>\n\t\t","protected":false},"excerpt":{"rendered":"<p>Impresszum B\u00dcCHL Verwaltungs GmbH Robert-Bosch-Strasse 1-5 85053 Ingolstadt Kereskedelmi nyilv\u00e1ntart\u00e1s: HRB 308 Nyilv\u00e1ntart\u00f3 b\u00edr\u00f3s\u00e1g: Ingolstadti helyi b\u00edr\u00f3s\u00e1g K\u00e9pviseli: Dipl.-Kffr. Iris B\u00fcchl Katja Kraus-Stelzer (B.A.) Dipl.-Wirtsch.-Ing. Reinhard B\u00fcchl Kapcsolatfelv\u00e9tel Telefon: +498419646150 E-mail: info@buechl.de Forgalmiad\u00f3-azonos\u00edt\u00f3 Az \u00e1ltal\u00e1nos forgalmi ad\u00f3r\u00f3l sz\u00f3l\u00f3 t\u00f6rv\u00e9ny 27. \u00a7-a szerinti forgalmi ad\u00f3azonos\u00edt\u00f3 sz\u00e1m: DE128579165 Szerkeszt\u0151i felel\u0151ss\u00e9g B\u00dcCHL Verwaltungs GmbH Robert-Bosch-Strasse 1-5 85053 Ingolstadt [&hellip;]<\/p>\n","protected":false},"author":1,"featured_media":0,"parent":0,"menu_order":0,"comment_status":"closed","ping_status":"closed","template":"elementor_header_footer","meta":{"footnotes":""},"class_list":["post-5752","page","type-page","status-publish","hentry"],"yoast_head":"<!-- This site is optimized with the Yoast SEO plugin v23.6 - https:\/\/yoast.com\/wordpress\/plugins\/seo\/ -->\n<title>Impresszum - B\u00fcchl Firmengruppe<\/title>\n<meta name=\"description\" content=\"Itt tal\u00e1lja a B\u00dcCHL c\u00e9gcsoport weboldal\u00e1nak impresszum\u00e1t.\" \/>\n<meta name=\"robots\" content=\"noindex, follow, max-snippet:-1, max-image-preview:large, max-video-preview:-1\" \/>\n<meta property=\"og:locale\" content=\"hu_HU\" \/>\n<meta property=\"og:type\" content=\"article\" \/>\n<meta property=\"og:title\" content=\"Impresszum - B\u00fcchl Firmengruppe\" \/>\n<meta property=\"og:description\" content=\"Itt tal\u00e1lja a B\u00dcCHL c\u00e9gcsoport weboldal\u00e1nak impresszum\u00e1t.\" \/>\n<meta property=\"og:url\" content=\"https:\/\/buechl-gruppe.elephant-staging.de\/hu\/impresszum\/\" \/>\n<meta property=\"og:site_name\" content=\"B\u00fcchl Firmengruppe\" \/>\n<meta property=\"article:modified_time\" content=\"2024-06-20T07:45:08+00:00\" \/>\n<meta name=\"twitter:card\" content=\"summary_large_image\" \/>\n<meta name=\"twitter:label1\" content=\"Becs\u00fclt olvas\u00e1si id\u0151\" \/>\n\t<meta name=\"twitter:data1\" content=\"1 perc\" \/>\n<script type=\"application\/ld+json\" class=\"yoast-schema-graph\">{\"@context\":\"https:\/\/schema.org\",\"@graph\":[{\"@type\":\"WebPage\",\"@id\":\"https:\/\/buechl-gruppe.elephant-staging.de\/hu\/impresszum\/\",\"url\":\"https:\/\/buechl-gruppe.elephant-staging.de\/hu\/impresszum\/\",\"name\":\"Impresszum - B\u00fcchl Firmengruppe\",\"isPartOf\":{\"@id\":\"https:\/\/buechl-gruppe.elephant-staging.de\/#website\"},\"datePublished\":\"2023-10-12T13:58:54+00:00\",\"dateModified\":\"2024-06-20T07:45:08+00:00\",\"description\":\"Itt tal\u00e1lja a B\u00dcCHL c\u00e9gcsoport weboldal\u00e1nak impresszum\u00e1t.\",\"breadcrumb\":{\"@id\":\"https:\/\/buechl-gruppe.elephant-staging.de\/hu\/impresszum\/#breadcrumb\"},\"inLanguage\":\"hu\",\"potentialAction\":[{\"@type\":\"ReadAction\",\"target\":[\"https:\/\/buechl-gruppe.elephant-staging.de\/hu\/impresszum\/\"]}]},{\"@type\":\"BreadcrumbList\",\"@id\":\"https:\/\/buechl-gruppe.elephant-staging.de\/hu\/impresszum\/#breadcrumb\",\"itemListElement\":[{\"@type\":\"ListItem\",\"position\":1,\"name\":\"Startseite\",\"item\":\"https:\/\/buechl-gruppe.elephant-staging.de\/hu\/kezdolap\/\"},{\"@type\":\"ListItem\",\"position\":2,\"name\":\"Impresszum\"}]},{\"@type\":\"WebSite\",\"@id\":\"https:\/\/buechl-gruppe.elephant-staging.de\/#website\",\"url\":\"https:\/\/buechl-gruppe.elephant-staging.de\/\",\"name\":\"B\u00fcchl Firmengruppe\",\"description\":\"\",\"publisher\":{\"@id\":\"https:\/\/buechl-gruppe.elephant-staging.de\/#organization\"},\"potentialAction\":[{\"@type\":\"SearchAction\",\"target\":{\"@type\":\"EntryPoint\",\"urlTemplate\":\"https:\/\/buechl-gruppe.elephant-staging.de\/?s={search_term_string}\"},\"query-input\":{\"@type\":\"PropertyValueSpecification\",\"valueRequired\":true,\"valueName\":\"search_term_string\"}}],\"inLanguage\":\"hu\"},{\"@type\":\"Organization\",\"@id\":\"https:\/\/buechl-gruppe.elephant-staging.de\/#organization\",\"name\":\"B\u00fcchl Firmengruppe\",\"url\":\"https:\/\/buechl-gruppe.elephant-staging.de\/\",\"logo\":{\"@type\":\"ImageObject\",\"inLanguage\":\"hu\",\"@id\":\"https:\/\/buechl-gruppe.elephant-staging.de\/#\/schema\/logo\/image\/\",\"url\":\"https:\/\/buechl-gruppe.elephant-staging.de\/wp-content\/uploads\/2023\/10\/Buechl-Logo-final.png\",\"contentUrl\":\"https:\/\/buechl-gruppe.elephant-staging.de\/wp-content\/uploads\/2023\/10\/Buechl-Logo-final.png\",\"width\":1024,\"height\":361,\"caption\":\"B\u00fcchl Firmengruppe\"},\"image\":{\"@id\":\"https:\/\/buechl-gruppe.elephant-staging.de\/#\/schema\/logo\/image\/\"}}]}<\/script>\n<!-- \/ Yoast SEO plugin. -->","yoast_head_json":{"title":"Impresszum - B\u00fcchl Firmengruppe","description":"Itt tal\u00e1lja a B\u00dcCHL c\u00e9gcsoport weboldal\u00e1nak impresszum\u00e1t.","robots":{"index":"noindex","follow":"follow","max-snippet":"max-snippet:-1","max-image-preview":"max-image-preview:large","max-video-preview":"max-video-preview:-1"},"og_locale":"hu_HU","og_type":"article","og_title":"Impresszum - B\u00fcchl Firmengruppe","og_description":"Itt tal\u00e1lja a B\u00dcCHL c\u00e9gcsoport weboldal\u00e1nak impresszum\u00e1t.","og_url":"https:\/\/buechl-gruppe.elephant-staging.de\/hu\/impresszum\/","og_site_name":"B\u00fcchl Firmengruppe","article_modified_time":"2024-06-20T07:45:08+00:00","twitter_card":"summary_large_image","twitter_misc":{"Becs\u00fclt olvas\u00e1si id\u0151":"1 perc"},"schema":{"@context":"https:\/\/schema.org","@graph":[{"@type":"WebPage","@id":"https:\/\/buechl-gruppe.elephant-staging.de\/hu\/impresszum\/","url":"https:\/\/buechl-gruppe.elephant-staging.de\/hu\/impresszum\/","name":"Impresszum - B\u00fcchl Firmengruppe","isPartOf":{"@id":"https:\/\/buechl-gruppe.elephant-staging.de\/#website"},"datePublished":"2023-10-12T13:58:54+00:00","dateModified":"2024-06-20T07:45:08+00:00","description":"Itt tal\u00e1lja a B\u00dcCHL c\u00e9gcsoport weboldal\u00e1nak impresszum\u00e1t.","breadcrumb":{"@id":"https:\/\/buechl-gruppe.elephant-staging.de\/hu\/impresszum\/#breadcrumb"},"inLanguage":"hu","potentialAction":[{"@type":"ReadAction","target":["https:\/\/buechl-gruppe.elephant-staging.de\/hu\/impresszum\/"]}]},{"@type":"BreadcrumbList","@id":"https:\/\/buechl-gruppe.elephant-staging.de\/hu\/impresszum\/#breadcrumb","itemListElement":[{"@type":"ListItem","position":1,"name":"Startseite","item":"https:\/\/buechl-gruppe.elephant-staging.de\/hu\/kezdolap\/"},{"@type":"ListItem","position":2,"name":"Impresszum"}]},{"@type":"WebSite","@id":"https:\/\/buechl-gruppe.elephant-staging.de\/#website","url":"https:\/\/buechl-gruppe.elephant-staging.de\/","name":"B\u00fcchl Firmengruppe","description":"","publisher":{"@id":"https:\/\/buechl-gruppe.elephant-staging.de\/#organization"},"potentialAction":[{"@type":"SearchAction","target":{"@type":"EntryPoint","urlTemplate":"https:\/\/buechl-gruppe.elephant-staging.de\/?s={search_term_string}"},"query-input":{"@type":"PropertyValueSpecification","valueRequired":true,"valueName":"search_term_string"}}],"inLanguage":"hu"},{"@type":"Organization","@id":"https:\/\/buechl-gruppe.elephant-staging.de\/#organization","name":"B\u00fcchl Firmengruppe","url":"https:\/\/buechl-gruppe.elephant-staging.de\/","logo":{"@type":"ImageObject","inLanguage":"hu","@id":"https:\/\/buechl-gruppe.elephant-staging.de\/#\/schema\/logo\/image\/","url":"https:\/\/buechl-gruppe.elephant-staging.de\/wp-content\/uploads\/2023\/10\/Buechl-Logo-final.png","contentUrl":"https:\/\/buechl-gruppe.elephant-staging.de\/wp-content\/uploads\/2023\/10\/Buechl-Logo-final.png","width":1024,"height":361,"caption":"B\u00fcchl Firmengruppe"},"image":{"@id":"https:\/\/buechl-gruppe.elephant-staging.de\/#\/schema\/logo\/image\/"}}]}},"_links":{"self":[{"href":"https:\/\/buechl-gruppe.elephant-staging.de\/hu\/wp-json\/wp\/v2\/pages\/5752","targetHints":{"allow":["GET"]}}],"collection":[{"href":"https:\/\/buechl-gruppe.elephant-staging.de\/hu\/wp-json\/wp\/v2\/pages"}],"about":[{"href":"https:\/\/buechl-gruppe.elephant-staging.de\/hu\/wp-json\/wp\/v2\/types\/page"}],"author":[{"embeddable":true,"href":"https:\/\/buechl-gruppe.elephant-staging.de\/hu\/wp-json\/wp\/v2\/users\/1"}],"replies":[{"embeddable":true,"href":"https:\/\/buechl-gruppe.elephant-staging.de\/hu\/wp-json\/wp\/v2\/comments?post=5752"}],"version-history":[{"count":1,"href":"https:\/\/buechl-gruppe.elephant-staging.de\/hu\/wp-json\/wp\/v2\/pages\/5752\/revisions"}],"predecessor-version":[{"id":5754,"href":"https:\/\/buechl-gruppe.elephant-staging.de\/hu\/wp-json\/wp\/v2\/pages\/5752\/revisions\/5754"}],"wp:attachment":[{"href":"https:\/\/buechl-gruppe.elephant-staging.de\/hu\/wp-json\/wp\/v2\/media?parent=5752"}],"curies":[{"name":"wp","href":"https:\/\/api.w.org\/{rel}","templated":true}]}}