{"id":5808,"date":"2023-08-04T08:54:56","date_gmt":"2023-08-04T06:54:56","guid":{"rendered":"https:\/\/buechl-gruppe.elephant-staging.de\/kezdolap\/"},"modified":"2024-06-20T09:47:15","modified_gmt":"2024-06-20T07:47:15","slug":"kezdolap","status":"publish","type":"page","link":"https:\/\/buechl-gruppe.elephant-staging.de\/hu\/","title":{"rendered":"Kezd\u0151lap"},"content":{"rendered":"<h1>Megold\u00e1sok a fenntarthat\u00f3 k\u00f6rforg\u00e1sos gazdas\u00e1g\u00e9rt<\/h1>\n<h2>\u00dcdv\u00f6z\u00f6lj\u00fck a B\u00dcCHL Csoport weboldal\u00e1n. Itt mindent megtudhat \u00fczleti ter\u00fcleteinkr\u0151l, le\u00e1nyv\u00e1llalatainkr\u00f3l \u00e9s f\u00f3kuszpontjainkr\u00f3l.<\/h2>\n<p>\t\t\t<a role=\"button\"><br \/>\n\t\t\t\t\t\t\t\t\tL\u00e9pjen kapcsolatba vel\u00fcnk most<br \/>\n\t\t\t\t\t<\/a><br \/>\n\t\t\t<a href=\"https:\/\/buechl-gruppe.elephant-staging.de\/karriere\/\"><br \/>\n\t\t\t\t\t\t\t\t\t\u00c1ll\u00e1saj\u00e1nlatok<br \/>\n\t\t\t\t\t<\/a><\/p>\n<h2>Csoportunk v\u00e1llalatai<\/h2>\n<figure><img decoding=\"async\" src=\"https:\/\/buechl-gruppe.elephant-staging.de\/wp-content\/uploads\/2023\/09\/Buechl-Logo-entsorgung-rgb.png\" alt=\"Bu\u0308chl Logo entsorgung rgb\" \/><\/figure>\n<figure><img decoding=\"async\" src=\"https:\/\/buechl-gruppe.elephant-staging.de\/wp-content\/uploads\/2023\/09\/Buechl-Logo-foundation-rgb.png\" alt=\"Bu\u0308chl Logo foundation rgb\" \/><\/figure>\n<figure><img decoding=\"async\" src=\"https:\/\/buechl-gruppe.elephant-staging.de\/wp-content\/uploads\/2023\/09\/Buechl-Logo-hungaria-rgb.png\" alt=\"Bu\u0308chl Logo hungaria rgb\" \/><\/figure>\n<figure><img decoding=\"async\" src=\"https:\/\/buechl-gruppe.elephant-staging.de\/wp-content\/uploads\/2023\/09\/Buechl-Logo-verwaltung-rgb.png\" alt=\"Bu\u0308chl Logo verwaltung rgb\" \/><\/figure>\n<figure><img decoding=\"async\" src=\"https:\/\/buechl-gruppe.elephant-staging.de\/wp-content\/uploads\/2023\/09\/PRIOREC-Logo-mit-claim-und-_R_-01.02.22-RGB.png\" alt=\"PRIOREC-Logo mit claim und _R_-01.02.22-RGB\" \/><\/figure>\n<figure><img decoding=\"async\" src=\"https:\/\/buechl-gruppe.elephant-staging.de\/wp-content\/uploads\/2023\/09\/inas-Institut-Logo-RGB.png\" alt=\"inas Institut Logo-RGB\" \/><\/figure>\n<figure><img decoding=\"async\" src=\"https:\/\/buechl-gruppe.elephant-staging.de\/wp-content\/uploads\/2023\/09\/DBR_logo-2017.png\" alt=\"DBR_logo 2017\" \/><\/figure>\n<figure><img decoding=\"async\" src=\"https:\/\/buechl-gruppe.elephant-staging.de\/wp-content\/uploads\/2023\/09\/GRN-Logo-RGB-23-03-2018.png\" alt=\"GRN Logo RGB-23-03-2018\" \/><\/figure>\n<figure><img decoding=\"async\" src=\"https:\/\/buechl-gruppe.elephant-staging.de\/wp-content\/uploads\/2023\/09\/logo-bioin-RGB-03.2018.png\" alt=\"logo bioin - RGB-03.2018\" \/><\/figure>\n<figure><img decoding=\"async\" src=\"https:\/\/buechl-gruppe.elephant-staging.de\/wp-content\/uploads\/2023\/09\/Logo-Geos-07-07-2021-mit-R-rgb.png\" alt=\"Logo Geos 07-07-2021-mit (R)-rgb\" \/><\/figure>\n<figure><img decoding=\"async\" src=\"https:\/\/buechl-gruppe.elephant-staging.de\/wp-content\/uploads\/2023\/09\/Logo-TADAK-NETT-Kft.-kopiert-aus-Word.jpg\" alt=\"Logo TADAK-NETT Kft. kopiert aus Word\" \/><\/figure>\n<figure><img decoding=\"async\" src=\"https:\/\/buechl-gruppe.elephant-staging.de\/wp-content\/uploads\/2023\/09\/Logo_LOGEX_RGB.png\" alt=\"Logo_LOGEX_RGB\" \/><\/figure>\n<figure><img decoding=\"async\" src=\"https:\/\/buechl-gruppe.elephant-staging.de\/wp-content\/uploads\/2023\/09\/SEG-Logo-final-07.07.23-4P.png\" alt=\"SEG Logo final 07.07.23-4P\" \/><\/figure>\n<figure><img decoding=\"async\" src=\"https:\/\/buechl-gruppe.elephant-staging.de\/wp-content\/uploads\/2023\/09\/elogplan.jpg\" alt=\"elogplan\" \/><\/figure>\n<h3>A B\u00fcchl csoport<\/h3>\n<h2>Egy gondolattal el\u0151r\u00e9bb 1951 \u00f3ta<\/h2>\n<p><strong>A B\u00dcCHL Csoport a megb\u00edzhat\u00f3 min\u0151s\u00e9g, az innovat\u00edv megold\u00e1sok, a b\u00e1tor cselekv\u00e9s, valamint az emberek \u00e9s a k\u00f6rnyezet ir\u00e1nti felel\u0151ss\u00e9gv\u00e1llal\u00e1s jelk\u00e9pe.<\/strong><\/p>\n<p>Az \u00fajrahasznos\u00edt\u00e1s \u00e9s a hullad\u00e9k\u00e1rtalmatlan\u00edt\u00e1s, a kutat\u00e1s, a tervez\u00e9s \u00e9s a tan\u00e1csad\u00e1s, valamint a meg\u00fajul\u00f3 energiaforr\u00e1sok el\u0151\u00e1ll\u00edt\u00e1sa ter\u00fclet\u00e9n nap mint nap a k\u00fcldet\u00e9s\u00fcnk\u00f6n dolgozunk: megold\u00e1sok a fenntarthat\u00f3 k\u00f6rforg\u00e1sos gazdas\u00e1g\u00e9rt. A kezdeti \u00f6tlett\u0151l a megval\u00f3s\u00edt\u00e1sig a lehet\u0151 legjobb megold\u00e1st tal\u00e1ljuk meg \u00fcgyfeleink \u00e9s a k\u00f6rnyezet sz\u00e1m\u00e1ra. A harmadik gener\u00e1ci\u00f3s csal\u00e1di v\u00e1llalkoz\u00e1s az \u00e9vtizedek sor\u00e1n a k\u00f6rforg\u00e1sos gazdas\u00e1g ter\u00fclet\u00e9n know-how-vezet\u0151v\u00e9 \u00e9s innov\u00e1ci\u00f3s hajt\u00f3er\u0151v\u00e9 fejl\u0151d\u00f6tt. A v\u00e1llalati kult\u00far\u00e1t az <strong>&#8222;egy gondolattal el\u0151r\u00e9bb&#8221;<\/strong> mott\u00f3 jellemzi.<\/p>\n<h2>Fenntarthat\u00f3 k\u00f6rforg\u00e1sos gazdas\u00e1g<\/h2>\n<h2>A B\u00fcchl-csoport \u00fczleti ter\u00fcletei<\/h2>\n<p>\t\t\t<a href=\"#\"><br \/>\n\t\t\t\t\t<\/a><br \/>\n\t\t\t<a href=\"#\"><br \/>\n\t\t\t\t\t<\/a><br \/>\n\t\t\t<a href=\"#\"><br \/>\n\t\t\t\t\t<\/a><br \/>\n\t\t\t<a href=\"#\"><br \/>\n\t\t\t\t\t<\/a><br \/>\n\t\t\t<a href=\"#\"><br \/>\n\t\t\t\t\t<\/a><br \/>\n\t\t\t<a href=\"#\"><br \/>\n\t\t\t\t\t<\/a><br \/>\n\t\t\t<a href=\"#\"><br \/>\n\t\t\t\t\t<\/a><br \/>\n\t\t\t<a href=\"#\"><br \/>\n\t\t\t\t\t<\/a><br \/>\n\t\t\t<a href=\"#\"><br \/>\n\t\t\t\t\t<\/a><\/p>\n<h2>B\u00dcCHL F\u00f3kusz t\u00e9m\u00e1k<\/h2>\n<h2>Ezekkel a t\u00e9m\u00e1kkal foglalkozunk<\/h2>\n<p>\t\t\t\t\t\t\t\t\t\t\t\t\t<img decoding=\"async\" width=\"257\" height=\"75\" src=\"https:\/\/buechl-gruppe.elephant-staging.de\/wp-content\/uploads\/2023\/08\/Buechl.png\" alt=\"\" \/><br \/>\n\t\t\tInnovativer Partner<br \/>\n\t\t\tB\u00dcCHL ist nicht nur Auftragnehmer oder einfach nur Sponsor. Wir sind ein strategischer, innovativer Partner, der f\u00fcr seine Kunden mitdenkt und an Projekten inhaltlich mitwirkt.<br \/>\n\t\t\t\t\t\t\t\t\t\t\t\t\t<img decoding=\"async\" width=\"257\" height=\"75\" src=\"https:\/\/buechl-gruppe.elephant-staging.de\/wp-content\/uploads\/2023\/08\/Buechl.png\" alt=\"\" \/><br \/>\n\t\t\tModerner Arbeitgeber<br \/>\n\t\t\tB\u00dcCHL ist ein moderner und zuverl\u00e4ssiger Arbeitgeber. Wir k\u00fcmmern uns um unsere Mitarbeiter und bieten attraktive und sichere Arbeitspl\u00e4tze.<br \/>\n\t\t\t\t\t\t\t\t\t\t\t\t\t<img decoding=\"async\" width=\"257\" height=\"75\" src=\"https:\/\/buechl-gruppe.elephant-staging.de\/wp-content\/uploads\/2023\/08\/Buechl.png\" alt=\"\" \/><br \/>\n\t\t\tKlimaschutz<br \/>\n\t\t\tKreislaufwirtschaft muss Klimaschutz bedeuten. Wir bewerten unsere positiven und negativen Wirkungen auf das Klima und investieren in Klimaschutz.<br \/>\n\t\t\t\t\t\t\t\t\t\t\t\t\t<img decoding=\"async\" width=\"257\" height=\"75\" src=\"https:\/\/buechl-gruppe.elephant-staging.de\/wp-content\/uploads\/2023\/08\/Buechl.png\" alt=\"\" \/><br \/>\n\t\t\tDigitalisierung<br \/>\n\t\t\tWir nutzen die M\u00f6glichkeiten der Digitalisierung zur stetigen Optimierung unserer Prozesse und Verbesserung von Transparenz, Sicherheit und Nachhaltigkeit.<br \/>\n\t\t\t\t\t\t\t\t\t\t\t\t\t<img decoding=\"async\" width=\"257\" height=\"75\" src=\"https:\/\/buechl-gruppe.elephant-staging.de\/wp-content\/uploads\/2023\/08\/Buechl.png\" alt=\"\" \/><br \/>\n\t\t\tRessourcen und Stoffkreisl\u00e4ufe<br \/>\n\t\t\tAbf\u00e4lle sind wertvolle Ressourcen am falschen Platz. Unser Kerngesch\u00e4ft: Stoffkreisl\u00e4ufe schlie\u00dfen, Rohstoffe sichern.<br \/>\n\t\t\t\t\t\t\t\t\t\t\t\t\t<img decoding=\"async\" width=\"257\" height=\"75\" src=\"https:\/\/buechl-gruppe.elephant-staging.de\/wp-content\/uploads\/2023\/08\/Buechl.png\" alt=\"\" \/><br \/>\n\t\t\tSmarte Logistik<br \/>\n\t\t\tLogistik ist eine unserer Kernaufgaben. Eine effiziente, sichere und transparente Logistik bereitzustellen ist ein Auftrag an uns.\t\t<\/p>\n<h2>\u00d6r\u00f6mmel v\u00e1laszolunk minden k\u00e9rd\u00e9s\u00e9re \u00e9s aggodalm\u00e1ra.<\/h2>\n<p>Egyszer\u0171en l\u00e9pjen kapcsolatba vel\u00fcnk online kapcsolatfelv\u00e9teli \u0171rlapunkon kereszt\u00fcl vagy telefonon.<\/p>\n<p>\t\t\t<a href=\"#\"><br \/>\n\t\t\t\t\t\t\t\t\tL\u00e9pjen kapcsolatba vel\u00fcnk most<br \/>\n\t\t\t\t\t<\/a><br \/>\n\t\t\t<a href=\"https:\/\/buechl-gruppe.elephant-staging.de\/karriere\/\"><br \/>\n\t\t\t\t\t\t\t\t\t\u00c1ll\u00e1saj\u00e1nlatok<br \/>\n\t\t\t\t\t<\/a><\/p>\n<h3>V\u00e9lem\u00e9nyek<\/h3>\n<h2>Mi\u00e9rt B\u00dcCHL?<\/h2>\n<p>Mit mondanak munkat\u00e1rsaink \u00e9s partnereink v\u00e1llalatunkr\u00f3l \u00e9s kor\u00e1bbi projektjeinkr\u0151l.<\/p>\n<h3>alc\u00edm Lorem<\/h3>\n<h2>Hagyjuk, hogy \u00fcgyfeleink besz\u00e9ljenek<\/h2>\n<p>Lorem ipsum dolor sit amet, consetetur sadipscing elitr, sed diam nonumy eirmod tempor invidunt ut labore et dolore magna aliquyam erat, sed diam voluptua.<\/p>\n<p>\t\t\tHelysz\u00ednek<br \/>\n\t\t\t10 helysz\u00edn<br \/>\n\t\t\tAlkalmazottak<br \/>\n\t\t\tT\u00f6bb mint 500<br \/>\n\t\t\tTapasztalat<br \/>\n\t\t\tT\u00f6bb mint 70 \u00e9ve\t\t<\/p>\n<h2>&#8222;A B\u00dcCHL megtestes\u00edti a b\u00e1tors\u00e1got, hogy folyamatosan \u00faj utakat j\u00e1rjon be, \u00e9s mindig az aktu\u00e1lis trendek \u00e9s fejleszt\u00e9sek \u00e9lvonal\u00e1ban van. Ennek alapja mindig<br \/>\naz emberek \u00e9s a k\u00f6rnyezet ir\u00e1nti felel\u0151ss\u00e9gtudatunkat.&#8221;<\/h2>\n<p>Reinhard B\u00fcchl<\/p>\n<p>\u00dcgyvezet\u0151 partner<\/p>\n<h3>Fejleszt\u00e9sek, h\u00edrek \u00e9s m\u00e9g sok m\u00e1s<\/h3>\n<h2>B\u00fcchl k\u00f6rny\u00e9ki h\u00edrek<\/h2>\n<p>\t\t\t<a href=\"https:\/\/buechl-gruppe.elephant-staging.de\/karriere\/\"><br \/>\n\t\t\t\t\t\t\t\t\tMinden h\u00edr megtekint\u00e9se<br \/>\n\t\t\t\t\t<\/a><br \/>\n\t\t\tEin Mittelst\u00e4ndler wird immer nachhaltiger<br \/>\n\t\t\t<a role=\"button\"><br \/>\n\t\t\t\t\t\t\t\t\tMehr erfahren<br \/>\n\t\t\t\t\t<\/a><br \/>\n\t\t\tB\u00dcCHL Firmengruppe schlie\u00dft sich dem Ingolst\u00e4dter &#8230;<br \/>\n\t\t\t<a role=\"button\"><br \/>\n\t\t\t\t\t\t\t\t\tMehr erfahren<br \/>\n\t\t\t\t\t<\/a><br \/>\n\t\t\tIHK-Regionalausschuss Ingolstadt zu Gast bei B\u00dcCHL&#8230;<br \/>\n\t\t\t<a role=\"button\"><br \/>\n\t\t\t\t\t\t\t\t\tMehr erfahren<br \/>\n\t\t\t\t\t<\/a><br \/>\n\t\t\t\u201eEisgala powered by B\u00dcCHL\u201c: B\u00dcCHL Firmengruppe ist&#8230;<br \/>\n\t\t\t<a role=\"button\"><br \/>\n\t\t\t\t\t\t\t\t\tMehr erfahren<br \/>\n\t\t\t\t\t<\/a><\/p>\n<h2>Kezdje karrierj\u00e9t a B\u00dcCHL-n\u00e9l most.<\/h2>\n<p>Izgalmas gyakornoki vagy vezet\u0151i \u00e1ll\u00e1st keres? Mindkett\u0151re megfelel\u0151 megold\u00e1st k\u00edn\u00e1lunk. Tekintse meg aktu\u00e1lis \u00e1ll\u00e1shirdet\u00e9seinket, \u00e9s jelentkezzen m\u00e9g ma sz\u00e1mos \u00e1ll\u00e1slehet\u0151s\u00e9g\u00fcnk egyik\u00e9re. V\u00e1rjuk \u00d6nt!<\/p>\n<p>\t\t\t<a href=\"#\"><br \/>\n\t\t\t\t\t\t\t\t\tL\u00e9pjen kapcsolatba vel\u00fcnk most<br \/>\n\t\t\t\t\t<\/a><br \/>\n\t\t\t<a href=\"https:\/\/buechl-gruppe.elephant-staging.de\/karriere\/\"><br \/>\n\t\t\t\t\t\t\t\t\t\u00c1ll\u00e1saj\u00e1nlatok<br \/>\n\t\t\t\t\t<\/a><\/p>\n","protected":false},"excerpt":{"rendered":"<p>Megold\u00e1sok a fenntarthat\u00f3 k\u00f6rforg\u00e1sos gazdas\u00e1g\u00e9rt \u00dcdv\u00f6z\u00f6lj\u00fck a B\u00dcCHL Csoport weboldal\u00e1n. Itt mindent megtudhat \u00fczleti ter\u00fcleteinkr\u0151l, le\u00e1nyv\u00e1llalatainkr\u00f3l \u00e9s f\u00f3kuszpontjainkr\u00f3l. L\u00e9pjen kapcsolatba vel\u00fcnk most \u00c1ll\u00e1saj\u00e1nlatok Csoportunk v\u00e1llalatai A B\u00fcchl csoport Egy gondolattal el\u0151r\u00e9bb 1951 \u00f3ta A B\u00dcCHL Csoport a megb\u00edzhat\u00f3 min\u0151s\u00e9g, az innovat\u00edv megold\u00e1sok, a b\u00e1tor cselekv\u00e9s, valamint az emberek \u00e9s a k\u00f6rnyezet ir\u00e1nti felel\u0151ss\u00e9gv\u00e1llal\u00e1s jelk\u00e9pe. Az [&hellip;]<\/p>\n","protected":false},"author":1,"featured_media":6120,"parent":0,"menu_order":0,"comment_status":"closed","ping_status":"closed","template":"elementor_header_footer","meta":{"footnotes":""},"class_list":["post-5808","page","type-page","status-publish","has-post-thumbnail","hentry"],"yoast_head":"<!-- This site is optimized with the Yoast SEO plugin v23.6 - https:\/\/yoast.com\/wordpress\/plugins\/seo\/ -->\n<title>B\u00fcchl csoport honlapja<\/title>\n<meta name=\"description\" content=\"\u00dcdv\u00f6z\u00f6lj\u00fck a B\u00dcCHL Csoport weboldal\u00e1n. Itt mindent megtudhat \u00fczleti ter\u00fcleteinkr\u0151l, le\u00e1nyv\u00e1llalatainkr\u00f3l \u00e9s f\u00f3kuszpontjainkr\u00f3l.\" \/>\n<meta name=\"robots\" content=\"noindex, follow, max-snippet:-1, max-image-preview:large, max-video-preview:-1\" \/>\n<meta property=\"og:locale\" content=\"hu_HU\" \/>\n<meta property=\"og:type\" content=\"article\" \/>\n<meta property=\"og:title\" content=\"B\u00fcchl csoport honlapja\" \/>\n<meta property=\"og:description\" content=\"\u00dcdv\u00f6z\u00f6lj\u00fck a B\u00dcCHL Csoport weboldal\u00e1n. Itt mindent megtudhat \u00fczleti ter\u00fcleteinkr\u0151l, le\u00e1nyv\u00e1llalatainkr\u00f3l \u00e9s f\u00f3kuszpontjainkr\u00f3l.\" \/>\n<meta property=\"og:url\" content=\"https:\/\/buechl-gruppe.elephant-staging.de\/hu\/kezdolap\/\" \/>\n<meta property=\"og:site_name\" content=\"B\u00fcchl Firmengruppe\" \/>\n<meta property=\"article:modified_time\" content=\"2024-06-20T07:47:15+00:00\" \/>\n<meta property=\"og:image\" content=\"https:\/\/buechl-gruppe.elephant-staging.de\/wp-content\/uploads\/2023\/09\/Buechl-Logo-entsorgung-rgb.png\" \/>\n<meta name=\"twitter:card\" content=\"summary_large_image\" \/>\n<meta name=\"twitter:label1\" content=\"Becs\u00fclt olvas\u00e1si id\u0151\" \/>\n\t<meta name=\"twitter:data1\" content=\"3 perc\" \/>\n<script type=\"application\/ld+json\" class=\"yoast-schema-graph\">{\"@context\":\"https:\/\/schema.org\",\"@graph\":[{\"@type\":\"WebPage\",\"@id\":\"https:\/\/buechl-gruppe.elephant-staging.de\/hu\/kezdolap\/\",\"url\":\"https:\/\/buechl-gruppe.elephant-staging.de\/hu\/kezdolap\/\",\"name\":\"B\u00fcchl csoport honlapja\",\"isPartOf\":{\"@id\":\"https:\/\/buechl-gruppe.elephant-staging.de\/#website\"},\"primaryImageOfPage\":{\"@id\":\"https:\/\/buechl-gruppe.elephant-staging.de\/hu\/kezdolap\/#primaryimage\"},\"image\":{\"@id\":\"https:\/\/buechl-gruppe.elephant-staging.de\/hu\/kezdolap\/#primaryimage\"},\"thumbnailUrl\":\"https:\/\/buechl-gruppe.elephant-staging.de\/wp-content\/uploads\/2023\/08\/Favicon-512x512-final.png\",\"datePublished\":\"2023-08-04T06:54:56+00:00\",\"dateModified\":\"2024-06-20T07:47:15+00:00\",\"description\":\"\u00dcdv\u00f6z\u00f6lj\u00fck a B\u00dcCHL Csoport weboldal\u00e1n. Itt mindent megtudhat \u00fczleti ter\u00fcleteinkr\u0151l, le\u00e1nyv\u00e1llalatainkr\u00f3l \u00e9s f\u00f3kuszpontjainkr\u00f3l.\",\"breadcrumb\":{\"@id\":\"https:\/\/buechl-gruppe.elephant-staging.de\/hu\/kezdolap\/#breadcrumb\"},\"inLanguage\":\"hu\",\"potentialAction\":[{\"@type\":\"ReadAction\",\"target\":[\"https:\/\/buechl-gruppe.elephant-staging.de\/hu\/kezdolap\/\"]}]},{\"@type\":\"ImageObject\",\"inLanguage\":\"hu\",\"@id\":\"https:\/\/buechl-gruppe.elephant-staging.de\/hu\/kezdolap\/#primaryimage\",\"url\":\"https:\/\/buechl-gruppe.elephant-staging.de\/wp-content\/uploads\/2023\/08\/Favicon-512x512-final.png\",\"contentUrl\":\"https:\/\/buechl-gruppe.elephant-staging.de\/wp-content\/uploads\/2023\/08\/Favicon-512x512-final.png\",\"width\":512,\"height\":512},{\"@type\":\"BreadcrumbList\",\"@id\":\"https:\/\/buechl-gruppe.elephant-staging.de\/hu\/kezdolap\/#breadcrumb\",\"itemListElement\":[{\"@type\":\"ListItem\",\"position\":1,\"name\":\"Startseite\",\"item\":\"https:\/\/buechl-gruppe.elephant-staging.de\/hu\/kezdolap\/\"},{\"@type\":\"ListItem\",\"position\":2,\"name\":\"Kezd\u0151lap\"}]},{\"@type\":\"WebSite\",\"@id\":\"https:\/\/buechl-gruppe.elephant-staging.de\/#website\",\"url\":\"https:\/\/buechl-gruppe.elephant-staging.de\/\",\"name\":\"B\u00fcchl Firmengruppe\",\"description\":\"\",\"publisher\":{\"@id\":\"https:\/\/buechl-gruppe.elephant-staging.de\/#organization\"},\"potentialAction\":[{\"@type\":\"SearchAction\",\"target\":{\"@type\":\"EntryPoint\",\"urlTemplate\":\"https:\/\/buechl-gruppe.elephant-staging.de\/?s={search_term_string}\"},\"query-input\":{\"@type\":\"PropertyValueSpecification\",\"valueRequired\":true,\"valueName\":\"search_term_string\"}}],\"inLanguage\":\"hu\"},{\"@type\":\"Organization\",\"@id\":\"https:\/\/buechl-gruppe.elephant-staging.de\/#organization\",\"name\":\"B\u00fcchl Firmengruppe\",\"url\":\"https:\/\/buechl-gruppe.elephant-staging.de\/\",\"logo\":{\"@type\":\"ImageObject\",\"inLanguage\":\"hu\",\"@id\":\"https:\/\/buechl-gruppe.elephant-staging.de\/#\/schema\/logo\/image\/\",\"url\":\"https:\/\/buechl-gruppe.elephant-staging.de\/wp-content\/uploads\/2023\/10\/Buechl-Logo-final.png\",\"contentUrl\":\"https:\/\/buechl-gruppe.elephant-staging.de\/wp-content\/uploads\/2023\/10\/Buechl-Logo-final.png\",\"width\":1024,\"height\":361,\"caption\":\"B\u00fcchl Firmengruppe\"},\"image\":{\"@id\":\"https:\/\/buechl-gruppe.elephant-staging.de\/#\/schema\/logo\/image\/\"}}]}<\/script>\n<!-- \/ Yoast SEO plugin. -->","yoast_head_json":{"title":"B\u00fcchl csoport honlapja","description":"\u00dcdv\u00f6z\u00f6lj\u00fck a B\u00dcCHL Csoport weboldal\u00e1n. Itt mindent megtudhat \u00fczleti ter\u00fcleteinkr\u0151l, le\u00e1nyv\u00e1llalatainkr\u00f3l \u00e9s f\u00f3kuszpontjainkr\u00f3l.","robots":{"index":"noindex","follow":"follow","max-snippet":"max-snippet:-1","max-image-preview":"max-image-preview:large","max-video-preview":"max-video-preview:-1"},"og_locale":"hu_HU","og_type":"article","og_title":"B\u00fcchl csoport honlapja","og_description":"\u00dcdv\u00f6z\u00f6lj\u00fck a B\u00dcCHL Csoport weboldal\u00e1n. Itt mindent megtudhat \u00fczleti ter\u00fcleteinkr\u0151l, le\u00e1nyv\u00e1llalatainkr\u00f3l \u00e9s f\u00f3kuszpontjainkr\u00f3l.","og_url":"https:\/\/buechl-gruppe.elephant-staging.de\/hu\/kezdolap\/","og_site_name":"B\u00fcchl Firmengruppe","article_modified_time":"2024-06-20T07:47:15+00:00","og_image":[{"url":"https:\/\/buechl-gruppe.elephant-staging.de\/wp-content\/uploads\/2023\/09\/Buechl-Logo-entsorgung-rgb.png"}],"twitter_card":"summary_large_image","twitter_misc":{"Becs\u00fclt olvas\u00e1si id\u0151":"3 perc"},"schema":{"@context":"https:\/\/schema.org","@graph":[{"@type":"WebPage","@id":"https:\/\/buechl-gruppe.elephant-staging.de\/hu\/kezdolap\/","url":"https:\/\/buechl-gruppe.elephant-staging.de\/hu\/kezdolap\/","name":"B\u00fcchl csoport honlapja","isPartOf":{"@id":"https:\/\/buechl-gruppe.elephant-staging.de\/#website"},"primaryImageOfPage":{"@id":"https:\/\/buechl-gruppe.elephant-staging.de\/hu\/kezdolap\/#primaryimage"},"image":{"@id":"https:\/\/buechl-gruppe.elephant-staging.de\/hu\/kezdolap\/#primaryimage"},"thumbnailUrl":"https:\/\/buechl-gruppe.elephant-staging.de\/wp-content\/uploads\/2023\/08\/Favicon-512x512-final.png","datePublished":"2023-08-04T06:54:56+00:00","dateModified":"2024-06-20T07:47:15+00:00","description":"\u00dcdv\u00f6z\u00f6lj\u00fck a B\u00dcCHL Csoport weboldal\u00e1n. Itt mindent megtudhat \u00fczleti ter\u00fcleteinkr\u0151l, le\u00e1nyv\u00e1llalatainkr\u00f3l \u00e9s f\u00f3kuszpontjainkr\u00f3l.","breadcrumb":{"@id":"https:\/\/buechl-gruppe.elephant-staging.de\/hu\/kezdolap\/#breadcrumb"},"inLanguage":"hu","potentialAction":[{"@type":"ReadAction","target":["https:\/\/buechl-gruppe.elephant-staging.de\/hu\/kezdolap\/"]}]},{"@type":"ImageObject","inLanguage":"hu","@id":"https:\/\/buechl-gruppe.elephant-staging.de\/hu\/kezdolap\/#primaryimage","url":"https:\/\/buechl-gruppe.elephant-staging.de\/wp-content\/uploads\/2023\/08\/Favicon-512x512-final.png","contentUrl":"https:\/\/buechl-gruppe.elephant-staging.de\/wp-content\/uploads\/2023\/08\/Favicon-512x512-final.png","width":512,"height":512},{"@type":"BreadcrumbList","@id":"https:\/\/buechl-gruppe.elephant-staging.de\/hu\/kezdolap\/#breadcrumb","itemListElement":[{"@type":"ListItem","position":1,"name":"Startseite","item":"https:\/\/buechl-gruppe.elephant-staging.de\/hu\/kezdolap\/"},{"@type":"ListItem","position":2,"name":"Kezd\u0151lap"}]},{"@type":"WebSite","@id":"https:\/\/buechl-gruppe.elephant-staging.de\/#website","url":"https:\/\/buechl-gruppe.elephant-staging.de\/","name":"B\u00fcchl Firmengruppe","description":"","publisher":{"@id":"https:\/\/buechl-gruppe.elephant-staging.de\/#organization"},"potentialAction":[{"@type":"SearchAction","target":{"@type":"EntryPoint","urlTemplate":"https:\/\/buechl-gruppe.elephant-staging.de\/?s={search_term_string}"},"query-input":{"@type":"PropertyValueSpecification","valueRequired":true,"valueName":"search_term_string"}}],"inLanguage":"hu"},{"@type":"Organization","@id":"https:\/\/buechl-gruppe.elephant-staging.de\/#organization","name":"B\u00fcchl Firmengruppe","url":"https:\/\/buechl-gruppe.elephant-staging.de\/","logo":{"@type":"ImageObject","inLanguage":"hu","@id":"https:\/\/buechl-gruppe.elephant-staging.de\/#\/schema\/logo\/image\/","url":"https:\/\/buechl-gruppe.elephant-staging.de\/wp-content\/uploads\/2023\/10\/Buechl-Logo-final.png","contentUrl":"https:\/\/buechl-gruppe.elephant-staging.de\/wp-content\/uploads\/2023\/10\/Buechl-Logo-final.png","width":1024,"height":361,"caption":"B\u00fcchl Firmengruppe"},"image":{"@id":"https:\/\/buechl-gruppe.elephant-staging.de\/#\/schema\/logo\/image\/"}}]}},"_links":{"self":[{"href":"https:\/\/buechl-gruppe.elephant-staging.de\/hu\/wp-json\/wp\/v2\/pages\/5808","targetHints":{"allow":["GET"]}}],"collection":[{"href":"https:\/\/buechl-gruppe.elephant-staging.de\/hu\/wp-json\/wp\/v2\/pages"}],"about":[{"href":"https:\/\/buechl-gruppe.elephant-staging.de\/hu\/wp-json\/wp\/v2\/types\/page"}],"author":[{"embeddable":true,"href":"https:\/\/buechl-gruppe.elephant-staging.de\/hu\/wp-json\/wp\/v2\/users\/1"}],"replies":[{"embeddable":true,"href":"https:\/\/buechl-gruppe.elephant-staging.de\/hu\/wp-json\/wp\/v2\/comments?post=5808"}],"version-history":[{"count":2,"href":"https:\/\/buechl-gruppe.elephant-staging.de\/hu\/wp-json\/wp\/v2\/pages\/5808\/revisions"}],"predecessor-version":[{"id":5811,"href":"https:\/\/buechl-gruppe.elephant-staging.de\/hu\/wp-json\/wp\/v2\/pages\/5808\/revisions\/5811"}],"wp:featuredmedia":[{"embeddable":true,"href":"https:\/\/buechl-gruppe.elephant-staging.de\/hu\/wp-json\/wp\/v2\/media\/6120"}],"wp:attachment":[{"href":"https:\/\/buechl-gruppe.elephant-staging.de\/hu\/wp-json\/wp\/v2\/media?parent=5808"}],"curies":[{"name":"wp","href":"https:\/\/api.w.org\/{rel}","templated":true}]}}